{"id":1682,"date":"2020-11-13T06:26:34","date_gmt":"2020-11-13T06:26:34","guid":{"rendered":"https:\/\/hortivoire.org\/?page_id=1682"},"modified":"2021-04-16T11:07:07","modified_gmt":"2021-04-16T11:07:07","slug":"admission","status":"publish","type":"page","link":"https:\/\/hortivoire.org\/fr\/admission\/","title":{"rendered":"Admission"},"content":{"rendered":"<div data-elementor-type=\"wp-page\" data-elementor-id=\"1682\" class=\"elementor elementor-1682\">\n\t\t\t\t\t\t<div class=\"elementor-inner\">\n\t\t\t\t<div class=\"elementor-section-wrap\">\n\t\t\t\t\t\t\t\t\t<section class=\"elementor-section elementor-top-section elementor-element elementor-element-77f91d72 elementor-section-boxed elementor-section-height-default elementor-section-height-default\" data-id=\"77f91d72\" data-element_type=\"section\" data-settings=\"{&quot;background_background&quot;:&quot;classic&quot;,&quot;_ha_eqh_enable&quot;:false}\">\n\t\t\t\t\t\t\t<div class=\"elementor-background-overlay\"><\/div>\n\t\t\t\t\t\t\t<div class=\"elementor-container elementor-column-gap-no\">\n\t\t\t\t\t\t\t<div class=\"elementor-row\">\n\t\t\t\t\t<div class=\"elementor-column elementor-col-100 elementor-top-column elementor-element elementor-element-58631bea\" data-id=\"58631bea\" data-element_type=\"column\">\n\t\t\t<div class=\"elementor-column-wrap elementor-element-populated\">\n\t\t\t\t\t\t\t<div class=\"elementor-widget-wrap\">\n\t\t\t\t\t\t<div class=\"elementor-element elementor-element-3496aaa elementor-widget elementor-widget-heading\" data-id=\"3496aaa\" data-element_type=\"widget\" data-widget_type=\"heading.default\">\n\t\t\t\t<div class=\"elementor-widget-container\">\n\t\t\t<h1 class=\"elementor-heading-title elementor-size-default\">Admission<\/h1>\t\t<\/div>\n\t\t\t\t<\/div>\n\t\t\t\t<div class=\"elementor-element elementor-element-1d156ec3 elementor-widget elementor-widget-text-editor\" data-id=\"1d156ec3\" data-element_type=\"widget\" data-widget_type=\"text-editor.default\">\n\t\t\t\t<div class=\"elementor-widget-container\">\n\t\t\t\t\t\t\t\t<div class=\"elementor-text-editor elementor-clearfix\">\n\t\t\t\t<p>Crit\u00e8res d'admission, processus d'admission et conditions financi\u00e8res<\/p>\t\t\t\t\t<\/div>\n\t\t\t\t\t\t<\/div>\n\t\t\t\t<\/div>\n\t\t\t\t\t\t<\/div>\n\t\t\t\t\t<\/div>\n\t\t<\/div>\n\t\t\t\t\t\t\t\t<\/div>\n\t\t\t\t\t<\/div>\n\t\t<\/section>\n\t\t\t\t<section class=\"elementor-section elementor-top-section elementor-element elementor-element-8ae89d6 elementor-section-boxed elementor-section-height-default elementor-section-height-default\" data-id=\"8ae89d6\" data-element_type=\"section\" data-settings=\"{&quot;_ha_eqh_enable&quot;:false}\">\n\t\t\t\t\t\t<div class=\"elementor-container elementor-column-gap-default\">\n\t\t\t\t\t\t\t<div class=\"elementor-row\">\n\t\t\t\t\t<div class=\"elementor-column elementor-col-100 elementor-top-column elementor-element elementor-element-d7ab093\" data-id=\"d7ab093\" data-element_type=\"column\">\n\t\t\t<div class=\"elementor-column-wrap elementor-element-populated\">\n\t\t\t\t\t\t\t<div class=\"elementor-widget-wrap\">\n\t\t\t\t\t\t<div class=\"elementor-element elementor-element-5d8c080 elementor-widget elementor-widget-text-editor\" data-id=\"5d8c080\" data-element_type=\"widget\" data-widget_type=\"text-editor.default\">\n\t\t\t\t<div class=\"elementor-widget-container\">\n\t\t\t\t\t\t\t\t<div class=\"elementor-text-editor elementor-clearfix\">\n\t\t\t\t<p style=\"font-size: 15px; font-style: normal; font-weight: 400;\"><span style=\"font-size: 15px; font-weight: bold;\">Crit\u00e8res pr\u00e9alables des candidats<\/span><\/p>\n<p style=\"font-size: 15px; font-style: normal; font-weight: 400;\">La formation vise les producteurs mara\u00eechers, ainsi que les aspirants producteurs (hommes\/femmes) \u00e0 s\u2019inscrire \u00e0 la formation comme candidat stagiaire qui r\u00e9pond au moins aux crit\u00e8res suivants:<\/p>\n<ul style=\"font-size: 15px; font-style: normal; font-weight: 400;\">\n<li style=\"font-size: 15px;\">\u00catre \u00e2g\u00e9 de 18-40 ans<\/li>\n<li style=\"font-size: 15px;\">Un niveau d\u2019instruction minimum est n\u00e9cessaire; savoir lire et \u00e9crire<\/li>\n<li style=\"font-size: 15px;\">Avoir une motivation en production agricole<\/li>\n<\/ul>\n<p>Les candidats stagiaires int\u00e9ress\u00e9s sont tenus \u00e0 soumettre un dossier de candidature.<\/p>\n<p><span style=\"font-size: 15px;\">&nbsp;<\/span><\/p>\n<p><b>Composition et soumission du dossier<\/b><\/p>\n<p>Le dossier de candidature doit contenir les \u00e9l\u00e9ments suivants:<\/p>\n<ul>\n<li>Une lettre de demande, motiv\u00e9e par les exp\u00e9riences, la volont\u00e9 et la vision<\/li>\n<li>Une copie de pi\u00e8ce d\u2019identit\u00e9<\/li>\n<li>Une lettre de recommandation avec les r\u00e9f\u00e9rences de la personne contact<\/li>\n<li>Une d\u00e9claration de disposition et de l\u2019engagement de pr\u00e9sence durant le cycle de 6 mois de formation et de production<\/li>\n<\/ul>\n<p>Les dossiers complets doivent \u00eatre d\u00e9pos\u00e9s \u00e0:<\/p>\n<ul>\n<li>The management of INFPA: Riviera Bonoumin (COCODY)<\/li>\n<li>The management of AGRIFER: Attoban 30eme arr. (COCODY)<\/li>\n<li>The management of ESPPEC: (TIEBISSOU)<\/li>\n<\/ul>\n<p>Les candidats pr\u00e9s\u00e9lectionn\u00e9s seront invit\u00e9s \u00e0 un entretien au Centre \u00e0 Ti\u00e9bissou. Les candidats d\u00e9finitivement retenus seront inform\u00e9s.<\/p>\n<p><b>&nbsp;<\/b><\/p>\n<p><b>Conditions financi\u00e8res<\/b><\/p>\n<p>Les conditions financi\u00e8res de participation \u00e0 la formation:\nCOUT DE LA FORMATION 270 000 FCFA comprenant:<\/p>\n<ul>\n<li>Les frais d\u2019inscription: 100.000 FCFA<\/li>\n<li>Une caution: 50.000 FCFA<\/li>\n<li>Restauration \u00e0 la cantine \u00e0 raison de 20.000 FCFA par mois (120,000 au total)<\/li>\n<\/ul>\n<p><span style=\"font-size: 15px;\">Pour plus d\u2019information veuillez contacter une des personnes ressources:<\/span><\/p>\n<p><span lang=\"nl\">INFPA Direction Abidjan: Kouadio Henriette,&nbsp;<\/span><span lang=\"nl\"><a href=\"mailto:ahoubahhe@gmail.com\">ahoubahhe@gmail.com<\/a>,<\/span><span lang=\"nl\">&nbsp;<\/span>T\u00e9l. 69 58 54 58<br><span lang=\"nl\">AGRIFER: Yilyassa Guebr\u00e9,&nbsp;<\/span><span lang=\"nl\"><a href=\"mailto:guebre@agrifer.nl\">guebre@agrifer.nl<\/a>,&nbsp;<\/span>T\u00e9l. 48 55 30 24<\/p>\t\t\t\t\t<\/div>\n\t\t\t\t\t\t<\/div>\n\t\t\t\t<\/div>\n\t\t\t\t\t\t<\/div>\n\t\t\t\t\t<\/div>\n\t\t<\/div>\n\t\t\t\t\t\t\t\t<\/div>\n\t\t\t\t\t<\/div>\n\t\t<\/section>\n\t\t\t\t\t\t\t\t\t<\/div>\n\t\t\t<\/div>\n\t\t\t\t\t<\/div>","protected":false},"excerpt":{"rendered":"<p>Admission Admission requirements, application process and fees Admission requirements The training targets farmers, as well as aspiring producers (men\/women). To be admitted the training, the following criteria have to be &hellip;<\/p>\n<p class=\"read-more\"> <a class=\"\" href=\"https:\/\/hortivoire.org\/fr\/admission\/\"> <span class=\"screen-reader-text\">Admission<\/span> Lire la suite\u00a0\u00bb<\/a><\/p>","protected":false},"author":1,"featured_media":0,"parent":0,"menu_order":0,"comment_status":"closed","ping_status":"closed","template":"","meta":[],"_links":{"self":[{"href":"https:\/\/hortivoire.org\/fr\/wp-json\/wp\/v2\/pages\/1682"}],"collection":[{"href":"https:\/\/hortivoire.org\/fr\/wp-json\/wp\/v2\/pages"}],"about":[{"href":"https:\/\/hortivoire.org\/fr\/wp-json\/wp\/v2\/types\/page"}],"author":[{"embeddable":true,"href":"https:\/\/hortivoire.org\/fr\/wp-json\/wp\/v2\/users\/1"}],"replies":[{"embeddable":true,"href":"https:\/\/hortivoire.org\/fr\/wp-json\/wp\/v2\/comments?post=1682"}],"version-history":[{"count":38,"href":"https:\/\/hortivoire.org\/fr\/wp-json\/wp\/v2\/pages\/1682\/revisions"}],"predecessor-version":[{"id":2074,"href":"https:\/\/hortivoire.org\/fr\/wp-json\/wp\/v2\/pages\/1682\/revisions\/2074"}],"wp:attachment":[{"href":"https:\/\/hortivoire.org\/fr\/wp-json\/wp\/v2\/media?parent=1682"}],"curies":[{"name":"wp","href":"https:\/\/api.w.org\/{rel}","templated":true}]}}