{"id":1416,"date":"2020-08-06T12:33:53","date_gmt":"2020-08-06T12:33:53","guid":{"rendered":"http:\/\/hortivoire.org\/?page_id=1416"},"modified":"2021-03-04T11:13:25","modified_gmt":"2021-03-04T11:13:25","slug":"rijk-zwaan","status":"publish","type":"page","link":"https:\/\/hortivoire.org\/fr\/rijk-zwaan\/","title":{"rendered":"Rijk Zwaan Export"},"content":{"rendered":"<div data-elementor-type=\"wp-page\" data-elementor-id=\"1416\" class=\"elementor elementor-1416\">\n\t\t\t\t\t\t<div class=\"elementor-inner\">\n\t\t\t\t<div class=\"elementor-section-wrap\">\n\t\t\t\t\t\t\t\t\t<section class=\"elementor-section elementor-top-section elementor-element elementor-element-4b496113 elementor-section-boxed elementor-section-height-default elementor-section-height-default\" data-id=\"4b496113\" data-element_type=\"section\" data-settings=\"{&quot;background_background&quot;:&quot;classic&quot;,&quot;_ha_eqh_enable&quot;:false}\">\n\t\t\t\t\t\t\t<div class=\"elementor-background-overlay\"><\/div>\n\t\t\t\t\t\t\t<div class=\"elementor-container elementor-column-gap-no\">\n\t\t\t\t\t\t\t<div class=\"elementor-row\">\n\t\t\t\t\t<div class=\"elementor-column elementor-col-100 elementor-top-column elementor-element elementor-element-77473e2a\" data-id=\"77473e2a\" data-element_type=\"column\">\n\t\t\t<div class=\"elementor-column-wrap elementor-element-populated\">\n\t\t\t\t\t\t\t<div class=\"elementor-widget-wrap\">\n\t\t\t\t\t\t<div class=\"elementor-element elementor-element-e44127a elementor-widget elementor-widget-heading\" data-id=\"e44127a\" data-element_type=\"widget\" data-widget_type=\"heading.default\">\n\t\t\t\t<div class=\"elementor-widget-container\">\n\t\t\t<h1 class=\"elementor-heading-title elementor-size-default\">Rijk Zwaan Export<\/h1>\t\t<\/div>\n\t\t\t\t<\/div>\n\t\t\t\t<div class=\"elementor-element elementor-element-32b9f2de elementor-widget elementor-widget-text-editor\" data-id=\"32b9f2de\" data-element_type=\"widget\" data-widget_type=\"text-editor.default\">\n\t\t\t\t<div class=\"elementor-widget-container\">\n\t\t\t\t\t\t\t\t<div class=\"elementor-text-editor elementor-clearfix\">\n\t\t\t\t<p>Engag\u00e9 \u00e0 soutenir les producteurs et les partenaires sur le march\u00e9 dynamique des fruits et l\u00e9gumes<\/p>\t\t\t\t\t<\/div>\n\t\t\t\t\t\t<\/div>\n\t\t\t\t<\/div>\n\t\t\t\t\t\t<\/div>\n\t\t\t\t\t<\/div>\n\t\t<\/div>\n\t\t\t\t\t\t\t\t<\/div>\n\t\t\t\t\t<\/div>\n\t\t<\/section>\n\t\t\t\t<section class=\"elementor-section elementor-top-section elementor-element elementor-element-145bdc9 elementor-section-boxed elementor-section-height-default elementor-section-height-default\" data-id=\"145bdc9\" data-element_type=\"section\" data-settings=\"{&quot;_ha_eqh_enable&quot;:false}\">\n\t\t\t\t\t\t<div class=\"elementor-container elementor-column-gap-default\">\n\t\t\t\t\t\t\t<div class=\"elementor-row\">\n\t\t\t\t\t<div class=\"elementor-column elementor-col-100 elementor-top-column elementor-element elementor-element-3d0741f\" data-id=\"3d0741f\" data-element_type=\"column\">\n\t\t\t<div class=\"elementor-column-wrap elementor-element-populated\">\n\t\t\t\t\t\t\t<div class=\"elementor-widget-wrap\">\n\t\t\t\t\t\t<section class=\"elementor-section elementor-inner-section elementor-element elementor-element-8410155 elementor-section-boxed elementor-section-height-default elementor-section-height-default\" data-id=\"8410155\" data-element_type=\"section\" data-settings=\"{&quot;_ha_eqh_enable&quot;:false}\">\n\t\t\t\t\t\t<div class=\"elementor-container elementor-column-gap-default\">\n\t\t\t\t\t\t\t<div class=\"elementor-row\">\n\t\t\t\t\t<div class=\"elementor-column elementor-col-50 elementor-inner-column elementor-element elementor-element-b4e5741\" data-id=\"b4e5741\" data-element_type=\"column\">\n\t\t\t<div class=\"elementor-column-wrap elementor-element-populated\">\n\t\t\t\t\t\t\t<div class=\"elementor-widget-wrap\">\n\t\t\t\t\t\t<div class=\"elementor-element elementor-element-92e8188 elementor-widget elementor-widget-text-editor\" data-id=\"92e8188\" data-element_type=\"widget\" data-widget_type=\"text-editor.default\">\n\t\t\t\t<div class=\"elementor-widget-container\">\n\t\t\t\t\t\t\t\t<div class=\"elementor-text-editor elementor-clearfix\">\n\t\t\t\tRijk Zwaan Export est l'un des principaux s\u00e9lectionneurs de l\u00e9gumes au monde, impliqu\u00e9 dans la production et la vente de semences de l\u00e9gumes hybrides. Rijk Zwaan Export poss\u00e8de un large portefeuille de cultures \"exotiques\" comme la tomate, le poivron et le concombre, ainsi que des l\u00e9gumes locaux comme le chou africain \u00e0 feuilles ( chou collard), le piment africain et l'aubergine africaine.\nLa contribution de Rijk Zwaan se concentrera sur les activit\u00e9s suivantes :\n<ul>\n \t<li>Tester les nouvelles vari\u00e9t\u00e9s au centre de formation (essais pr\u00e9-commerciaux).<\/li>\n \t<li>Organiser des activit\u00e9s et  des journ\u00e9es de visite de champs  d\u00e9monstration  au centre de formation et dans ses environs.<\/li>\n \t<li>Fournir une expertise et des formation aux stagiaires. <\/li>\n<\/ul>\n\nRijk Zwaan Export a int\u00e9r\u00eat \u00e0 d\u00e9velopper davantage ses activit\u00e9s en C\u00f4te d'Ivoire, en garantissant aux agriculteurs l'acc\u00e8s aux meilleures vari\u00e9t\u00e9s de l\u00e9gumes disponibles et en les aidant \u00e0 les cultiver \u00e0 la perfection. La contribution de Rijk Zwaan Export se fera par la fourniture de semences de l\u00e9gumes hybrides et par la formation d'un certain nombre de ses experts.\t\t\t\t\t<\/div>\n\t\t\t\t\t\t<\/div>\n\t\t\t\t<\/div>\n\t\t\t\t\t\t<\/div>\n\t\t\t\t\t<\/div>\n\t\t<\/div>\n\t\t\t\t<div class=\"elementor-column elementor-col-50 elementor-inner-column elementor-element elementor-element-668f32a\" data-id=\"668f32a\" data-element_type=\"column\">\n\t\t\t<div class=\"elementor-column-wrap elementor-element-populated\">\n\t\t\t\t\t\t\t<div class=\"elementor-widget-wrap\">\n\t\t\t\t\t\t<div class=\"elementor-element elementor-element-28ad94b elementor-widget elementor-widget-image\" data-id=\"28ad94b\" data-element_type=\"widget\" data-widget_type=\"image.default\">\n\t\t\t\t<div class=\"elementor-widget-container\">\n\t\t\t\t\t\t\t\t<div class=\"elementor-image\">\n\t\t\t\t\t\t\t\t\t\t\t\t<img width=\"1024\" height=\"432\" src=\"https:\/\/hortivoire.org\/wp-content\/uploads\/2020\/08\/RijkZwaam-Demo-plot-1024x432.jpg\" class=\"attachment-large size-large wp-image-1424\" alt=\"\" loading=\"lazy\" srcset=\"https:\/\/hortivoire.org\/wp-content\/uploads\/2020\/08\/RijkZwaam-Demo-plot-1024x432.jpg 1024w, https:\/\/hortivoire.org\/wp-content\/uploads\/2020\/08\/RijkZwaam-Demo-plot-300x127.jpg 300w, https:\/\/hortivoire.org\/wp-content\/uploads\/2020\/08\/RijkZwaam-Demo-plot-768x324.jpg 768w, https:\/\/hortivoire.org\/wp-content\/uploads\/2020\/08\/RijkZwaam-Demo-plot-1536x648.jpg 1536w, https:\/\/hortivoire.org\/wp-content\/uploads\/2020\/08\/RijkZwaam-Demo-plot-2048x864.jpg 2048w\" sizes=\"(max-width: 1024px) 100vw, 1024px\" \/>\t\t\t\t\t\t\t\t\t\t\t\t\t\t<\/div>\n\t\t\t\t\t\t<\/div>\n\t\t\t\t<\/div>\n\t\t\t\t\t\t<\/div>\n\t\t\t\t\t<\/div>\n\t\t<\/div>\n\t\t\t\t\t\t\t\t<\/div>\n\t\t\t\t\t<\/div>\n\t\t<\/section>\n\t\t\t\t\t\t<\/div>\n\t\t\t\t\t<\/div>\n\t\t<\/div>\n\t\t\t\t\t\t\t\t<\/div>\n\t\t\t\t\t<\/div>\n\t\t<\/section>\n\t\t\t\t\t\t\t\t\t<\/div>\n\t\t\t<\/div>\n\t\t\t\t\t<\/div>","protected":false},"excerpt":{"rendered":"<p>Rijk Zwaan Export Committed to supporting growers and partners in today\u2019s dynamic fruit &amp; vegetable market Rijk Zwaan Export is a globally leading vegetable breeder, involved in the production and &hellip;<\/p>\n<p class=\"read-more\"> <a class=\"\" href=\"https:\/\/hortivoire.org\/fr\/rijk-zwaan\/\"> <span class=\"screen-reader-text\">Rijk Zwaan Export<\/span> Lire la suite\u00a0\u00bb<\/a><\/p>","protected":false},"author":1,"featured_media":0,"parent":0,"menu_order":0,"comment_status":"closed","ping_status":"closed","template":"","meta":[],"_links":{"self":[{"href":"https:\/\/hortivoire.org\/fr\/wp-json\/wp\/v2\/pages\/1416"}],"collection":[{"href":"https:\/\/hortivoire.org\/fr\/wp-json\/wp\/v2\/pages"}],"about":[{"href":"https:\/\/hortivoire.org\/fr\/wp-json\/wp\/v2\/types\/page"}],"author":[{"embeddable":true,"href":"https:\/\/hortivoire.org\/fr\/wp-json\/wp\/v2\/users\/1"}],"replies":[{"embeddable":true,"href":"https:\/\/hortivoire.org\/fr\/wp-json\/wp\/v2\/comments?post=1416"}],"version-history":[{"count":12,"href":"https:\/\/hortivoire.org\/fr\/wp-json\/wp\/v2\/pages\/1416\/revisions"}],"predecessor-version":[{"id":1919,"href":"https:\/\/hortivoire.org\/fr\/wp-json\/wp\/v2\/pages\/1416\/revisions\/1919"}],"wp:attachment":[{"href":"https:\/\/hortivoire.org\/fr\/wp-json\/wp\/v2\/media?parent=1416"}],"curies":[{"name":"wp","href":"https:\/\/api.w.org\/{rel}","templated":true}]}}