{"id":1414,"date":"2020-08-06T12:33:08","date_gmt":"2020-08-06T12:33:08","guid":{"rendered":"http:\/\/hortivoire.org\/?page_id=1414"},"modified":"2021-03-04T11:13:51","modified_gmt":"2021-03-04T11:13:51","slug":"van-iperen","status":"publish","type":"page","link":"https:\/\/hortivoire.org\/fr\/van-iperen\/","title":{"rendered":"Van Iperen International"},"content":{"rendered":"<div data-elementor-type=\"wp-page\" data-elementor-id=\"1414\" class=\"elementor elementor-1414\">\n\t\t\t\t\t\t<div class=\"elementor-inner\">\n\t\t\t\t<div class=\"elementor-section-wrap\">\n\t\t\t\t\t\t\t\t\t<section class=\"elementor-section elementor-top-section elementor-element elementor-element-2b203fa7 elementor-section-boxed elementor-section-height-default elementor-section-height-default\" data-id=\"2b203fa7\" data-element_type=\"section\" data-settings=\"{&quot;background_background&quot;:&quot;classic&quot;,&quot;_ha_eqh_enable&quot;:false}\">\n\t\t\t\t\t\t\t<div class=\"elementor-background-overlay\"><\/div>\n\t\t\t\t\t\t\t<div class=\"elementor-container elementor-column-gap-no\">\n\t\t\t\t\t\t\t<div class=\"elementor-row\">\n\t\t\t\t\t<div class=\"elementor-column elementor-col-100 elementor-top-column elementor-element elementor-element-a827c57\" data-id=\"a827c57\" data-element_type=\"column\">\n\t\t\t<div class=\"elementor-column-wrap elementor-element-populated\">\n\t\t\t\t\t\t\t<div class=\"elementor-widget-wrap\">\n\t\t\t\t\t\t<div class=\"elementor-element elementor-element-1bf4807d elementor-widget elementor-widget-heading\" data-id=\"1bf4807d\" data-element_type=\"widget\" data-widget_type=\"heading.default\">\n\t\t\t\t<div class=\"elementor-widget-container\">\n\t\t\t<h1 class=\"elementor-heading-title elementor-size-default\">Van Iperen International<\/h1>\t\t<\/div>\n\t\t\t\t<\/div>\n\t\t\t\t<div class=\"elementor-element elementor-element-627930f elementor-widget elementor-widget-text-editor\" data-id=\"627930f\" data-element_type=\"widget\" data-widget_type=\"text-editor.default\">\n\t\t\t\t<div class=\"elementor-widget-container\">\n\t\t\t\t\t\t\t\t<div class=\"elementor-text-editor elementor-clearfix\">\n\t\t\t\t<p>Van Iperen International est un producteur n\u00e9erlandais d'engrais de sp\u00e9cialit\u00e9 pour la fertigation et l'application foliaire.<\/p>\t\t\t\t\t<\/div>\n\t\t\t\t\t\t<\/div>\n\t\t\t\t<\/div>\n\t\t\t\t\t\t<\/div>\n\t\t\t\t\t<\/div>\n\t\t<\/div>\n\t\t\t\t\t\t\t\t<\/div>\n\t\t\t\t\t<\/div>\n\t\t<\/section>\n\t\t\t\t<section class=\"elementor-section elementor-top-section elementor-element elementor-element-de1bf64 elementor-section-boxed elementor-section-height-default elementor-section-height-default\" data-id=\"de1bf64\" data-element_type=\"section\" data-settings=\"{&quot;_ha_eqh_enable&quot;:false}\">\n\t\t\t\t\t\t<div class=\"elementor-container elementor-column-gap-default\">\n\t\t\t\t\t\t\t<div class=\"elementor-row\">\n\t\t\t\t\t<div class=\"elementor-column elementor-col-100 elementor-top-column elementor-element elementor-element-95e8d72\" data-id=\"95e8d72\" data-element_type=\"column\">\n\t\t\t<div class=\"elementor-column-wrap elementor-element-populated\">\n\t\t\t\t\t\t\t<div class=\"elementor-widget-wrap\">\n\t\t\t\t\t\t<section class=\"elementor-section elementor-inner-section elementor-element elementor-element-efd38d4 elementor-section-boxed elementor-section-height-default elementor-section-height-default\" data-id=\"efd38d4\" data-element_type=\"section\" data-settings=\"{&quot;_ha_eqh_enable&quot;:false}\">\n\t\t\t\t\t\t<div class=\"elementor-container elementor-column-gap-default\">\n\t\t\t\t\t\t\t<div class=\"elementor-row\">\n\t\t\t\t\t<div class=\"elementor-column elementor-col-50 elementor-inner-column elementor-element elementor-element-c38f537\" data-id=\"c38f537\" data-element_type=\"column\">\n\t\t\t<div class=\"elementor-column-wrap elementor-element-populated\">\n\t\t\t\t\t\t\t<div class=\"elementor-widget-wrap\">\n\t\t\t\t\t\t<div class=\"elementor-element elementor-element-3c872f4 elementor-widget elementor-widget-text-editor\" data-id=\"3c872f4\" data-element_type=\"widget\" data-widget_type=\"text-editor.default\">\n\t\t\t\t<div class=\"elementor-widget-container\">\n\t\t\t\t\t\t\t\t<div class=\"elementor-text-editor elementor-clearfix\">\n\t\t\t\t<p>Van Iperen International est un producteur n\u00e9erlandais d'engrais de sp\u00e9cialit\u00e9 pour la fertigation et l'application foliaire.<\/p><p>Au sein du consortium, le r\u00f4le de Van Iperen International consistera \u00e0:<\/p><ol style=\"margin-top: 0cm;\" start=\"1\" type=\"1\"><li style=\"margin-left: 0cm; mso-list: l0 level1 lfo1;\">Tester de nouveaux engrais au centre de formation et de d\u00e9monstration (essais pr\u00e9-commerciaux).<\/li><li style=\"margin-left: 0cm; mso-list: l0 level1 lfo1;\">Fournir une expertise et des formation aux stagiaires.<\/li><li style=\"margin-left: 0cm; mso-list: l0 level1 lfo1;\">Organisez des activit\u00e9s de d\u00e9monstration et de terrain au centre de formation.\u00a0<\/li><\/ol><p>Van Iperen International a l'ambition de poursuivre sa croissance en C\u00f4te d'Ivoire au travers du projet HortIvoire, ainsi que de contribuer au d\u00e9veloppement de l'agriculture locale dans le cadre de son programme de d\u00e9veloppement durable. L\u2019implication de Van Iperen International consiste \u00e0 dispenser des formations aux jeunes et aux agriculteurs au centre de formation (dans les ann\u00e9es 2, 3 et 4). De plus, l'entreprise fournira diff\u00e9rents types d'engrais comme intrant pour le centre de formation. Les engrais seront accompagn\u00e9s de manuels d'utilisation et de mat\u00e9riel promotionnel.<\/p>\t\t\t\t\t<\/div>\n\t\t\t\t\t\t<\/div>\n\t\t\t\t<\/div>\n\t\t\t\t\t\t<\/div>\n\t\t\t\t\t<\/div>\n\t\t<\/div>\n\t\t\t\t<div class=\"elementor-column elementor-col-50 elementor-inner-column elementor-element elementor-element-59ed16e\" data-id=\"59ed16e\" data-element_type=\"column\">\n\t\t\t<div class=\"elementor-column-wrap elementor-element-populated\">\n\t\t\t\t\t\t\t<div class=\"elementor-widget-wrap\">\n\t\t\t\t\t\t<div class=\"elementor-element elementor-element-5ffa002 elementor-widget elementor-widget-image\" data-id=\"5ffa002\" data-element_type=\"widget\" data-widget_type=\"image.default\">\n\t\t\t\t<div class=\"elementor-widget-container\">\n\t\t\t\t\t\t\t\t<div class=\"elementor-image\">\n\t\t\t\t\t\t\t\t\t\t\t\t<img width=\"1024\" height=\"816\" src=\"https:\/\/hortivoire.org\/wp-content\/uploads\/2020\/08\/Van-Iperen-Products-1024x816.png\" class=\"attachment-large size-large wp-image-1558\" alt=\"\" loading=\"lazy\" srcset=\"https:\/\/hortivoire.org\/wp-content\/uploads\/2020\/08\/Van-Iperen-Products-1024x816.png 1024w, https:\/\/hortivoire.org\/wp-content\/uploads\/2020\/08\/Van-Iperen-Products-300x239.png 300w, https:\/\/hortivoire.org\/wp-content\/uploads\/2020\/08\/Van-Iperen-Products-768x612.png 768w, https:\/\/hortivoire.org\/wp-content\/uploads\/2020\/08\/Van-Iperen-Products-1536x1224.png 1536w, https:\/\/hortivoire.org\/wp-content\/uploads\/2020\/08\/Van-Iperen-Products-2048x1632.png 2048w\" sizes=\"(max-width: 1024px) 100vw, 1024px\" \/>\t\t\t\t\t\t\t\t\t\t\t\t\t\t<\/div>\n\t\t\t\t\t\t<\/div>\n\t\t\t\t<\/div>\n\t\t\t\t\t\t<\/div>\n\t\t\t\t\t<\/div>\n\t\t<\/div>\n\t\t\t\t\t\t\t\t<\/div>\n\t\t\t\t\t<\/div>\n\t\t<\/section>\n\t\t\t\t\t\t<\/div>\n\t\t\t\t\t<\/div>\n\t\t<\/div>\n\t\t\t\t\t\t\t\t<\/div>\n\t\t\t\t\t<\/div>\n\t\t<\/section>\n\t\t\t\t\t\t\t\t\t<\/div>\n\t\t\t<\/div>\n\t\t\t\t\t<\/div>","protected":false},"excerpt":{"rendered":"<p>Van Iperen International Van Iperen International is a Dutch producer of Specialty Fertilizer solutions Van Iperen International is a Dutch producer of Specialty Fertilizer solutions for fertigation and foliar application. &hellip;<\/p>\n<p class=\"read-more\"> <a class=\"\" href=\"https:\/\/hortivoire.org\/fr\/van-iperen\/\"> <span class=\"screen-reader-text\">Van Iperen International<\/span> Lire la suite\u00a0\u00bb<\/a><\/p>","protected":false},"author":1,"featured_media":0,"parent":0,"menu_order":0,"comment_status":"closed","ping_status":"closed","template":"","meta":[],"_links":{"self":[{"href":"https:\/\/hortivoire.org\/fr\/wp-json\/wp\/v2\/pages\/1414"}],"collection":[{"href":"https:\/\/hortivoire.org\/fr\/wp-json\/wp\/v2\/pages"}],"about":[{"href":"https:\/\/hortivoire.org\/fr\/wp-json\/wp\/v2\/types\/page"}],"author":[{"embeddable":true,"href":"https:\/\/hortivoire.org\/fr\/wp-json\/wp\/v2\/users\/1"}],"replies":[{"embeddable":true,"href":"https:\/\/hortivoire.org\/fr\/wp-json\/wp\/v2\/comments?post=1414"}],"version-history":[{"count":8,"href":"https:\/\/hortivoire.org\/fr\/wp-json\/wp\/v2\/pages\/1414\/revisions"}],"predecessor-version":[{"id":1925,"href":"https:\/\/hortivoire.org\/fr\/wp-json\/wp\/v2\/pages\/1414\/revisions\/1925"}],"wp:attachment":[{"href":"https:\/\/hortivoire.org\/fr\/wp-json\/wp\/v2\/media?parent=1414"}],"curies":[{"name":"wp","href":"https:\/\/api.w.org\/{rel}","templated":true}]}}